{"id":3946,"date":"2025-06-19T21:41:16","date_gmt":"2025-06-19T19:41:16","guid":{"rendered":"https:\/\/wcup.eu\/?post_type=product&#038;p=3946"},"modified":"2026-03-06T09:17:26","modified_gmt":"2026-03-06T08:17:26","slug":"boisson-sportive-1020-g","status":"publish","type":"product","link":"https:\/\/wcup.eu\/fr\/produit\/boisson-sportive-1020-g\/","title":{"rendered":"BOISSON ISOTONIQUE POUR SPORTIFS 1020 G"},"content":{"rendered":"<div>\n<div class=\"product-summary-details svelte-1ywj8ks\">\n<p><strong>Boisson sportive WCUP<\/strong> est un d\u00e9salt\u00e9rant isotonique qui fournit une \u00e9nergie durable gr\u00e2ce \u00e0 sa palette d'hydrates de carbone simples \u00e0 plusieurs niveaux.<\/p>\n<p>&nbsp;<\/p>\n<p>La solution d'hydrates de carbone et d'\u00e9lectrolytes am\u00e9liore l'absorption de l'eau et maximise l'endurance pendant un effort physique prolong\u00e9.<\/p>\n<p>&nbsp;<\/p>\n<p>Les <strong>Valeur du pH <\/strong>de WCUP Sports Drink est neutre, ce qui \u00e9vite les maux d'estomac et les probl\u00e8mes digestifs.<\/p>\n<div>\n<div class=\"product-summary-details svelte-1ywj8ks\">\n<div class=\"product-summary-review svelte-c5ij54\">\n<p>Pendant l'exercice, le corps transpire afin que la temp\u00e9rature corporelle n'augmente pas trop.<\/p>\n<p>Cette perte de liquide peut \u00eatre particuli\u00e8rement n\u00e9faste pour les performances et les athl\u00e8tes doivent donc boire pour reconstituer le liquide perdu.<\/p>\n<p>Mais en transpirant, nous perdons \u00e9galement des \u00e9lectrolytes importants tels que le potassium et le magn\u00e9sium, qui sont essentiels \u00e0 la performance. Nous devons \u00e9galement les remplacer pour mieux retenir les liquides et stimuler la soif.<\/p>\n<p>&nbsp;<\/p>\n<p>En outre, les performances dans les sports d'endurance d\u00e9pendent des r\u00e9serves de glycog\u00e8ne musculaire. Il est donc important de reconstituer les r\u00e9serves de carburant avec des glucides suppl\u00e9mentaires pendant l'exercice.<\/p>\n<p>La quantit\u00e9 d'hydrates de carbone \u00e0 absorber pendant l'exercice d\u00e9pend de la dur\u00e9e de l'exercice.<\/p>\n<p data-start=\"0\" data-end=\"286\">Une boisson isotonique pour sportifs est une boisson dont la concentration en particules dissoutes (telles que les sucres et les \u00e9lectrolytes) est similaire \u00e0 celle des fluides corporels, en particulier le sang. Par cons\u00e9quent, la boisson est rapidement absorb\u00e9e par le corps, ce qui est important pendant ou apr\u00e8s un exercice intense.<\/p>\n<p data-start=\"0\" data-end=\"286\">\n<h3 data-start=\"288\" data-end=\"329\">Caract\u00e9ristiques d'une boisson sportive isotonique :<\/h3>\n<ul data-start=\"330\" data-end=\"674\">\n<li data-start=\"330\" data-end=\"374\">\n<p data-start=\"332\" data-end=\"374\"><strong data-start=\"332\" data-end=\"374\">Contient 4 \u00e0 8 grammes d'hydrates de carbone par 100 ml.<\/strong><\/p>\n<\/li>\n<li data-start=\"375\" data-end=\"492\">\n<p data-start=\"377\" data-end=\"492\">Dispose d'un <strong data-start=\"387\" data-end=\"403\">osmolalit\u00e9<\/strong> (mesure de la concentration) similaire \u00e0 celle du sang (entre 270 et 330 mOsm\/kg environ)<\/p>\n<\/li>\n<li data-start=\"493\" data-end=\"674\">\n<p data-start=\"495\" data-end=\"552\"><strong data-start=\"495\" data-end=\"519\">Absorbe rapidement<\/strong> \u00e0 travers le corps, ce qui aide \u00e0 :<\/p>\n<ul data-start=\"555\" data-end=\"674\">\n<li data-start=\"555\" data-end=\"580\">\n<p data-start=\"557\" data-end=\"580\">R\u00e9hydratation<\/p>\n<\/li>\n<li data-start=\"583\" data-end=\"608\">\n<p data-start=\"585\" data-end=\"608\">Fournir de l'\u00e9nergie<\/p>\n<\/li>\n<li data-start=\"611\" data-end=\"674\">\n<p data-start=\"613\" data-end=\"674\">R\u00e9tablir l'\u00e9quilibre \u00e9lectrolytique (sodium, potassium, etc.)<\/p>\n<\/li>\n<\/ul>\n<\/li>\n<\/ul>\n<p>&nbsp;<\/p>\n<\/div>\n<\/div>\n<\/div>\n<\/div>\n<\/div>","protected":false},"excerpt":{"rendered":"<p>Boisson isotonique d\u00e9salt\u00e9rante \u00e0 acidit\u00e9 neutre.<\/p>","protected":false},"featured_media":159,"comment_status":"open","ping_status":"closed","template":"","meta":{"_acf_changed":false},"decathlon-categorie":[144],"sport":[40,41,42,43,94,44,95,34,45,108,35,46,36,47,37,199,38,39],"product_brand":[],"product_cat":[48],"product_tag":[],"class_list":{"0":"post-3946","1":"product","2":"type-product","3":"status-publish","4":"has-post-thumbnail","6":"sport-hockey","7":"sport-gravel","8":"sport-tennis","9":"sport-voetbal","10":"sport-basketbal","11":"sport-motocross","12":"sport-waterpolo","13":"sport-wielrennen","14":"sport-zaalsport","15":"sport-beach-volleybal","16":"sport-mountainbike","17":"sport-zwemmen","18":"sport-veldrijden","19":"sport-volleybal","20":"sport-hardlopen","21":"sport-hyrox","22":"sport-trail-running","23":"sport-triatlon","24":"product_cat-sportdrank","26":"first","27":"instock","28":"taxable","29":"shipping-taxable","30":"purchasable","31":"product-type-variable"},"acf":[],"_links":{"self":[{"href":"https:\/\/wcup.eu\/fr\/wp-json\/wp\/v2\/product\/3946","targetHints":{"allow":["GET"]}}],"collection":[{"href":"https:\/\/wcup.eu\/fr\/wp-json\/wp\/v2\/product"}],"about":[{"href":"https:\/\/wcup.eu\/fr\/wp-json\/wp\/v2\/types\/product"}],"replies":[{"embeddable":true,"href":"https:\/\/wcup.eu\/fr\/wp-json\/wp\/v2\/comments?post=3946"}],"wp:featuredmedia":[{"embeddable":true,"href":"https:\/\/wcup.eu\/fr\/wp-json\/wp\/v2\/media\/159"}],"wp:attachment":[{"href":"https:\/\/wcup.eu\/fr\/wp-json\/wp\/v2\/media?parent=3946"}],"wp:term":[{"taxonomy":"decathlon-categorie","embeddable":true,"href":"https:\/\/wcup.eu\/fr\/wp-json\/wp\/v2\/decathlon-categorie?post=3946"},{"taxonomy":"sport","embeddable":true,"href":"https:\/\/wcup.eu\/fr\/wp-json\/wp\/v2\/sport?post=3946"},{"taxonomy":"product_brand","embeddable":true,"href":"https:\/\/wcup.eu\/fr\/wp-json\/wp\/v2\/product_brand?post=3946"},{"taxonomy":"product_cat","embeddable":true,"href":"https:\/\/wcup.eu\/fr\/wp-json\/wp\/v2\/product_cat?post=3946"},{"taxonomy":"product_tag","embeddable":true,"href":"https:\/\/wcup.eu\/fr\/wp-json\/wp\/v2\/product_tag?post=3946"}],"curies":[{"name":"wp","href":"https:\/\/api.w.org\/{rel}","templated":true}]}}